{"id":233,"date":"2021-12-03T11:43:16","date_gmt":"2021-12-03T10:43:16","guid":{"rendered":"https:\/\/monito.irpi.cnr.it\/progetto\/"},"modified":"2022-09-15T12:44:54","modified_gmt":"2022-09-15T11:44:54","slug":"projet","status":"publish","type":"page","link":"https:\/\/monito.irpi.cnr.it\/fr\/projet\/","title":{"rendered":"Le Projet"},"content":{"rendered":"\n<p class=\"has-text-align-left\">Monito est un produit du projet <a href=\"https:\/\/www.pitem-risk.eu\/fr\/projets\/risk-gest\" data-type=\"URL\" data-id=\"https:\/\/www.pitem-risk.eu\/fr\/projets\/risk-gest\" target=\"_blank\" rel=\"noreferrer noopener\">RiskGest<\/a><\/p>\n\n\n\n<p class=\"has-text-align-left\">Dans le cadre du WP 4.3 FRANE, Citta Metropolitana di Torino en collaboration avec CNR IRPI, a cr\u00e9\u00e9 ce site web d\u00e9di\u00e9 aux syst\u00e8mes les plus r\u00e9pandus et innovants de surveillance des glissements de terrain. Le site est divis\u00e9 en trois sections : la <a href=\"https:\/\/monito.irpi.cnr.it\/fr\/introduction\/\" data-type=\"URL\" data-id=\"https:\/\/monito.irpi.cnr.it\/fr\/introduction\/\">premi\u00e8re<\/a> est une introduction g\u00e9n\u00e9rale aux syst\u00e8mes de surveillance des glissements de terrain, la <a href=\"https:\/\/monito.irpi.cnr.it\/fr\/category\/surveillance-instrumentation\/\" data-type=\"URL\" data-id=\"https:\/\/monito.irpi.cnr.it\/fr\/category\/surveillance-instrumentation\/\">seconde<\/a> contient des descriptions d\u00e9taill\u00e9es des instruments et des techniques de surveillance, la <a href=\"https:\/\/monito.irpi.cnr.it\/fr\/category\/etudes-de-cas-transfrontalieres\/\" data-type=\"URL\" data-id=\"https:\/\/monito.irpi.cnr.it\/fr\/category\/etudes-de-cas-transfrontalieres\/\">troisi\u00e8me<\/a> est consacr\u00e9e \u00e0 la pr\u00e9sentation de quelques \u00e9tudes de cas.<\/p>\n","protected":false},"excerpt":{"rendered":"<p>Monito est un produit du projet RiskGest Dans le cadre du WP 4.3 FRANE, Citta Metropolitana di Torino en collaboration avec CNR IRPI, a cr\u00e9\u00e9 ce site web d\u00e9di\u00e9 aux syst\u00e8mes les plus r\u00e9pandus et innovants de surveillance des glissements de terrain. Le site est divis\u00e9 en trois sections : la premi\u00e8re est une introduction g\u00e9n\u00e9rale aux syst\u00e8mes de surveillance des glissements de terrain, la seconde contient des descriptions d\u00e9taill\u00e9es des instruments et des techniques de surveillance, la troisi\u00e8me est consacr\u00e9e \u00e0 la pr\u00e9sentation de quelques \u00e9tudes de cas.<\/p>\n","protected":false},"author":2,"featured_media":0,"parent":0,"menu_order":0,"comment_status":"closed","ping_status":"closed","template":"","meta":[],"blocksy_meta":{"styles_descriptor":{"styles":{"desktop":"[data-prefix=\"single_page\"] .entry-header .page-title {--fontSize:30px;} [data-prefix=\"single_page\"] .entry-header .entry-meta {--fontWeight:600;--textTransform:uppercase;--fontSize:12px;--lineHeight:1.3;} [data-prefix=\"single_page\"] .hero-section[data-type=\"type-2\"] {background-color:var(--paletteColor6);background-image:none;--container-padding:50px 0;}","tablet":"","mobile":""},"google_fonts":[],"version":5},"page_title_panel":"","has_hero_section":"enabled","87268a8395d847e0b5d948ae9fdea6ff":"","hero_section":"type-2","hero_elements":[{"id":"custom_title","enabled":true,"heading_tag":"h1","title":"Home"},{"id":"custom_description","enabled":true,"description_visibility":{"desktop":true,"tablet":true,"mobile":false}},{"id":"custom_meta","enabled":false,"meta_elements":[{"id":"author","enabled":true,"label":"Di","has_author_avatar":"yes","avatar_size":25},{"id":"post_date","enabled":true,"label":"On","date_format_source":"default","date_format":"M j, Y"},{"id":"updated_date","enabled":false,"label":"On","date_format_source":"default","date_format":"M j, Y"},{"id":"categories","enabled":false,"label":"In","style":"simple"},{"id":"comments","enabled":true}],"page_meta_elements":{"joined":true,"articles_count":true,"comments":true}},{"id":"breadcrumbs","enabled":false}],"ccfd96852ecc1059d6e53d00e7abc514":"","hero_alignment1":"CT_CSS_SKIP_RULE","hero_margin":40,"hero_alignment2":"center","hero_vertical_alignment":"center","03949a21858ce1a33be3efeff84c6561":"","hero_structure":"narrow","0c7cbfcd79ff75e3bd5a2e30c5ce8314":"","page_title_bg_type":"featured_image","custom_hero_background":{"attachment_id":null},"page_title_image_size":"full","parallax":{"desktop":false,"tablet":false,"mobile":false},"a153081786ba6b34b150df39095f94d9":"","hero_height":"250px","pageTitleFont":{"family":"Default","variation":"Default","size":"30px","line-height":"CT_CSS_SKIP_RULE","letter-spacing":"CT_CSS_SKIP_RULE","text-transform":"CT_CSS_SKIP_RULE","text-decoration":"CT_CSS_SKIP_RULE"},"pageTitleFontColor":{"default":{"color":"CT_CSS_SKIP_RULEDEFAULT"}},"pageMetaFont":{"family":"Default","variation":"n6","size":"12px","line-height":"1.3","letter-spacing":"CT_CSS_SKIP_RULE","text-transform":"uppercase","text-decoration":"CT_CSS_SKIP_RULE"},"pageMetaFontColor":{"default":{"color":"CT_CSS_SKIP_RULEDEFAULT"},"hover":{"color":"CT_CSS_SKIP_RULEDEFAULT"}},"page_meta_button_type_font_colors":{"default":{"color":"CT_CSS_SKIP_RULEDEFAULT"},"hover":{"color":"CT_CSS_SKIP_RULEDEFAULT"}},"page_meta_button_type_background_colors":{"default":{"color":"CT_CSS_SKIP_RULEDEFAULT"},"hover":{"color":"CT_CSS_SKIP_RULEDEFAULT"}},"pageExcerptFont":{"family":"Default","variation":"Default","size":"CT_CSS_SKIP_RULE","line-height":"CT_CSS_SKIP_RULE","letter-spacing":"CT_CSS_SKIP_RULE","text-transform":"CT_CSS_SKIP_RULE","text-decoration":"CT_CSS_SKIP_RULE"},"pageExcerptColor":{"default":{"color":"CT_CSS_SKIP_RULEDEFAULT"}},"breadcrumbsFont":{"family":"Default","variation":"Default","size":"CT_CSS_SKIP_RULE","line-height":"CT_CSS_SKIP_RULE","letter-spacing":"CT_CSS_SKIP_RULE","text-transform":"CT_CSS_SKIP_RULE","text-decoration":"CT_CSS_SKIP_RULE"},"breadcrumbsFontColor":{"default":{"color":"CT_CSS_SKIP_RULEDEFAULT"},"initial":{"color":"CT_CSS_SKIP_RULEDEFAULT"},"hover":{"color":"CT_CSS_SKIP_RULEDEFAULT"}},"pageTitleOverlay":{"background_type":"color","background_pattern":"type-1","background_image":{"attachment_id":null,"x":0,"y":0},"gradient":"linear-gradient(135deg,rgba(6,147,227,1) 0%,rgb(155,81,224) 100%)","background_repeat":"repeat","background_size":"auto","background_attachment":"scroll","patternColor":{"default":{"color":"#e5e7ea"}},"overlayColor":{"default":{"color":"CT_CSS_SKIP_RULE"}},"backgroundColor":{"default":{"color":"CT_CSS_SKIP_RULE"}}},"pageTitleBackground":{"background_type":"color","background_pattern":"type-1","background_image":{"attachment_id":null,"x":0,"y":0},"gradient":"linear-gradient(135deg,rgba(6,147,227,1) 0%,rgb(155,81,224) 100%)","background_repeat":"repeat","background_size":"auto","background_attachment":"scroll","patternColor":{"default":{"color":"#e5e7ea"}},"overlayColor":{"default":{"color":"CT_CSS_SKIP_RULE"}},"backgroundColor":{"default":{"color":"var(--paletteColor6)"}}},"pageTitlePadding":{"top":"50px","bottom":"50px","left":"auto","right":"auto","linked":true},"5478814eaa99475d84f904c16c443eb2":"","page_structure_type":"default","769c70ce85d7af3dfdc18d6b379b20d2":"","content_style_source":"inherit","content_style":"wide","vertical_spacing_source":"inherit","content_area_spacing":"both","background":{"background_type":"color","background_pattern":"type-1","background_image":{"attachment_id":null,"x":0,"y":0},"gradient":"linear-gradient(135deg,rgba(6,147,227,1) 0%,rgb(155,81,224) 100%)","background_repeat":"repeat","background_size":"auto","background_attachment":"scroll","patternColor":{"default":{"color":"#e5e7ea"}},"overlayColor":{"default":{"color":"CT_CSS_SKIP_RULE"}},"backgroundColor":{"default":{"color":"CT_CSS_SKIP_RULE"}}},"content_background":{"background_type":"color","background_pattern":"type-1","background_image":{"attachment_id":null,"x":0,"y":0},"gradient":"linear-gradient(135deg,rgba(6,147,227,1) 0%,rgb(155,81,224) 100%)","background_repeat":"repeat","background_size":"auto","background_attachment":"scroll","patternColor":{"default":{"color":"#e5e7ea"}},"overlayColor":{"default":{"color":"CT_CSS_SKIP_RULE"}},"backgroundColor":{"default":{"color":"var(--paletteColor8)"}}},"content_boxed_shadow":{"inherit":false,"blur":18,"spread":-6,"v_offset":12,"h_offset":0,"inset":false,"enable":true,"color":{"color":"rgba(34, 56, 101, 0.04)"}},"content_boxed_border":{"width":1,"style":"none","color":{"color":"rgba(44,62,80,0.2)"}},"content_boxed_radius":{"top":"3px","bottom":"3px","left":"3px","right":"3px","linked":true},"boxed_content_spacing":{"desktop":{"top":"40px","bottom":"40px","left":"40px","right":"40px","linked":true},"tablet":{"top":"35px","bottom":"35px","left":"35px","right":"35px","linked":true},"mobile":{"top":"20px","bottom":"20px","left":"20px","right":"20px","linked":true}},"1e46f87213bcafc6e6c40883e5b45296":"","disable_featured_image":"no","disable_share_box":"no","disable_header":"no","disable_footer":"no"},"_links":{"self":[{"href":"https:\/\/monito.irpi.cnr.it\/fr\/wp-json\/wp\/v2\/pages\/233"}],"collection":[{"href":"https:\/\/monito.irpi.cnr.it\/fr\/wp-json\/wp\/v2\/pages"}],"about":[{"href":"https:\/\/monito.irpi.cnr.it\/fr\/wp-json\/wp\/v2\/types\/page"}],"author":[{"embeddable":true,"href":"https:\/\/monito.irpi.cnr.it\/fr\/wp-json\/wp\/v2\/users\/2"}],"replies":[{"embeddable":true,"href":"https:\/\/monito.irpi.cnr.it\/fr\/wp-json\/wp\/v2\/comments?post=233"}],"version-history":[{"count":10,"href":"https:\/\/monito.irpi.cnr.it\/fr\/wp-json\/wp\/v2\/pages\/233\/revisions"}],"predecessor-version":[{"id":649,"href":"https:\/\/monito.irpi.cnr.it\/fr\/wp-json\/wp\/v2\/pages\/233\/revisions\/649"}],"wp:attachment":[{"href":"https:\/\/monito.irpi.cnr.it\/fr\/wp-json\/wp\/v2\/media?parent=233"}],"curies":[{"name":"wp","href":"https:\/\/api.w.org\/{rel}","templated":true}]}}